{"id":18,"date":"2024-06-11T08:43:01","date_gmt":"2024-06-11T06:43:01","guid":{"rendered":"http:\/\/chiguertransports.fr\/?page_id=18"},"modified":"2024-06-12T11:47:22","modified_gmt":"2024-06-12T09:47:22","slug":"accueil","status":"publish","type":"page","link":"https:\/\/chiguertransports.fr\/","title":{"rendered":"ACCUEIL"},"content":{"rendered":"\n<hr class=\"wp-block-separator has-alpha-channel-opacity\"\/>\n\n\n\n<p><strong>Bienvenue chez Chiguer Transports !<\/strong><\/p>\n\n\n\n<p>Nous sommes ravis de vous accueillir sur notre site. Chez Chiguer Transports, nous nous engageons \u00e0 offrir des services de transport de qualit\u00e9 sup\u00e9rieure, alliant fiabilit\u00e9, s\u00e9curit\u00e9 et efficacit\u00e9. Que vous ayez besoin de transporter des marchandises, des mat\u00e9riaux ou des produits, notre flotte moderne et notre \u00e9quipe professionnelle sont \u00e0 votre disposition pour r\u00e9pondre \u00e0 tous vos besoins logistiques.<\/p>\n\n\n\n<p>Avec des ann\u00e9es d&rsquo;exp\u00e9rience dans le domaine, Chiguer Transports s&rsquo;est forg\u00e9 une r\u00e9putation d&rsquo;excellence et de confiance. Nous comprenons l&rsquo;importance de chaque livraison et nous nous effor\u00e7ons de garantir que vos biens arrivent \u00e0 destination en parfait \u00e9tat et dans les d\u00e9lais pr\u00e9vus.<\/p>\n\n\n\n<p>Explorez notre site pour en savoir plus sur nos services, nos v\u00e9hicules, et notre engagement envers la satisfaction de nos clients. N&rsquo;h\u00e9sitez pas \u00e0 nous contacter pour toute question ou demande de devis.<\/p>\n\n\n\n<p>Merci de choisir Chiguer Transports. Ensemble, faisons route vers le succ\u00e8s !<\/p>\n\n\n\n<hr class=\"wp-block-separator has-alpha-channel-opacity\"\/>\n","protected":false},"excerpt":{"rendered":"<p>Bienvenue chez Chiguer Transports ! Nous sommes ravis de vous accueillir sur notre site. Chez Chiguer Transports, nous nous engageons \u00e0 offrir des services de transport de qualit\u00e9 sup\u00e9rieure, alliant fiabilit\u00e9, s\u00e9curit\u00e9 et efficacit\u00e9. Que vous ayez besoin de transporter des marchandises, des mat\u00e9riaux ou des produits, notre flotte moderne et notre \u00e9quipe professionnelle sont&hellip; <a class=\"more-link\" href=\"https:\/\/chiguertransports.fr\/\">Poursuivre la lecture <span class=\"screen-reader-text\">ACCUEIL<\/span><\/a><\/p>\n","protected":false},"author":1,"featured_media":0,"parent":0,"menu_order":0,"comment_status":"closed","ping_status":"closed","template":"","meta":{"footnotes":""},"class_list":["post-18","page","type-page","status-publish","hentry","entry"],"_links":{"self":[{"href":"https:\/\/chiguertransports.fr\/index.php\/wp-json\/wp\/v2\/pages\/18","targetHints":{"allow":["GET"]}}],"collection":[{"href":"https:\/\/chiguertransports.fr\/index.php\/wp-json\/wp\/v2\/pages"}],"about":[{"href":"https:\/\/chiguertransports.fr\/index.php\/wp-json\/wp\/v2\/types\/page"}],"author":[{"embeddable":true,"href":"https:\/\/chiguertransports.fr\/index.php\/wp-json\/wp\/v2\/users\/1"}],"replies":[{"embeddable":true,"href":"https:\/\/chiguertransports.fr\/index.php\/wp-json\/wp\/v2\/comments?post=18"}],"version-history":[{"count":3,"href":"https:\/\/chiguertransports.fr\/index.php\/wp-json\/wp\/v2\/pages\/18\/revisions"}],"predecessor-version":[{"id":67,"href":"https:\/\/chiguertransports.fr\/index.php\/wp-json\/wp\/v2\/pages\/18\/revisions\/67"}],"wp:attachment":[{"href":"https:\/\/chiguertransports.fr\/index.php\/wp-json\/wp\/v2\/media?parent=18"}],"curies":[{"name":"wp","href":"https:\/\/api.w.org\/{rel}","templated":true}]}}