{"id":20,"date":"2024-06-11T08:43:41","date_gmt":"2024-06-11T06:43:41","guid":{"rendered":"http:\/\/chiguertransports.fr\/?page_id=20"},"modified":"2024-06-11T18:32:01","modified_gmt":"2024-06-11T16:32:01","slug":"lhistoire","status":"publish","type":"page","link":"https:\/\/chiguertransports.fr\/index.php\/lhistoire\/","title":{"rendered":"L&rsquo;HISTOIRE"},"content":{"rendered":"\n<p>Fond\u00e9e en 2011, Chiguer Transports s&rsquo;est rapidement impos\u00e9e comme un acteur incontournable dans le secteur du transport poids lourds. Avec une pr\u00e9sence strat\u00e9gique \u00e0 deux endroits en France, notre entreprise a su r\u00e9pondre aux besoins croissants de nos clients gr\u00e2ce \u00e0 des solutions de transport efficaces et fiables. <\/p>\n\n\n\n<p>Chiguer Transports op\u00e8re depuis deux bases principales. Notre si\u00e8ge social est situ\u00e9 \u00e0 Troyes, dans la dynamique zone industrielle de La Chapelle-Saint-Luc. Ce site est le c\u0153ur n\u00e9vralgique de nos op\u00e9rations, o\u00f9 se coordonnent les diff\u00e9rentes missions de transport et de logistique. Notre second site, situ\u00e9 \u00e0 Beaune, nous permet d\u2019\u00e9tendre notre couverture g\u00e9ographique et d\u2019assurer une r\u00e9activit\u00e9 sans faille pour l\u2019ensemble de nos clients. <\/p>\n\n\n\n<p>Sp\u00e9cialis\u00e9e dans le transport poids lourds, Chiguer Transports offre une gamme de services diversifi\u00e9e. Nous couvrons aussi bien les trajets nationaux qu&rsquo;internationaux, assurant des livraisons de jour comme de nuit. Notre flotte moderne et bien entretenue garantit la s\u00e9curit\u00e9 et la ponctualit\u00e9 de vos marchandises, peu importe leur destination.<\/p>\n\n\n\n<p>Chez Chiguer Transports, nous comprenons l\u2019importance de la transparence et de la confiance. C&rsquo;est pourquoi nous avons int\u00e9gr\u00e9 des technologies de suivi en temps r\u00e9el dans toutes nos op\u00e9rations. Nos clients peuvent ainsi suivre en direct l&rsquo;acheminement de leurs marchandises, assurant une tranquillit\u00e9 d\u2019esprit et une gestion optimis\u00e9e de la cha\u00eene logistique.<\/p>\n\n\n\n<p>Depuis notre cr\u00e9ation, notre engagement envers l&rsquo;excellence et la satisfaction client n\u2019a cess\u00e9 de cro\u00eetre. Chaque membre de notre \u00e9quipe partage cette vision et contribue \u00e0 notre mission de fournir des services de transport de haute qualit\u00e9. Gr\u00e2ce \u00e0 notre expertise et \u00e0 notre passion, Chiguer Transports continue de se d\u00e9velopper et d&rsquo;innover pour rester \u00e0 la pointe du secteur du transport poids lourds.<\/p>\n","protected":false},"excerpt":{"rendered":"<p>Fond\u00e9e en 2011, Chiguer Transports s&rsquo;est rapidement impos\u00e9e comme un acteur incontournable dans le secteur du transport poids lourds. Avec une pr\u00e9sence strat\u00e9gique \u00e0 deux endroits en France, notre entreprise a su r\u00e9pondre aux besoins croissants de nos clients gr\u00e2ce \u00e0 des solutions de transport efficaces et fiables. Chiguer Transports op\u00e8re depuis deux bases principales.&hellip; <a class=\"more-link\" href=\"https:\/\/chiguertransports.fr\/index.php\/lhistoire\/\">Poursuivre la lecture <span class=\"screen-reader-text\">L&rsquo;HISTOIRE<\/span><\/a><\/p>\n","protected":false},"author":1,"featured_media":0,"parent":0,"menu_order":0,"comment_status":"closed","ping_status":"closed","template":"","meta":{"footnotes":""},"class_list":["post-20","page","type-page","status-publish","hentry","entry"],"_links":{"self":[{"href":"https:\/\/chiguertransports.fr\/index.php\/wp-json\/wp\/v2\/pages\/20","targetHints":{"allow":["GET"]}}],"collection":[{"href":"https:\/\/chiguertransports.fr\/index.php\/wp-json\/wp\/v2\/pages"}],"about":[{"href":"https:\/\/chiguertransports.fr\/index.php\/wp-json\/wp\/v2\/types\/page"}],"author":[{"embeddable":true,"href":"https:\/\/chiguertransports.fr\/index.php\/wp-json\/wp\/v2\/users\/1"}],"replies":[{"embeddable":true,"href":"https:\/\/chiguertransports.fr\/index.php\/wp-json\/wp\/v2\/comments?post=20"}],"version-history":[{"count":2,"href":"https:\/\/chiguertransports.fr\/index.php\/wp-json\/wp\/v2\/pages\/20\/revisions"}],"predecessor-version":[{"id":51,"href":"https:\/\/chiguertransports.fr\/index.php\/wp-json\/wp\/v2\/pages\/20\/revisions\/51"}],"wp:attachment":[{"href":"https:\/\/chiguertransports.fr\/index.php\/wp-json\/wp\/v2\/media?parent=20"}],"curies":[{"name":"wp","href":"https:\/\/api.w.org\/{rel}","templated":true}]}}