{"id":22,"date":"2024-06-11T08:44:02","date_gmt":"2024-06-11T06:44:02","guid":{"rendered":"http:\/\/chiguertransports.fr\/?page_id=22"},"modified":"2024-08-01T15:14:15","modified_gmt":"2024-08-01T13:14:15","slug":"les-services","status":"publish","type":"page","link":"https:\/\/chiguertransports.fr\/index.php\/les-services\/","title":{"rendered":"LES SERVICES"},"content":{"rendered":"\n<div class=\"wp-block-columns is-layout-flex wp-container-core-columns-is-layout-9d6595d7 wp-block-columns-is-layout-flex\">\n<div class=\"wp-block-column is-layout-flow wp-block-column-is-layout-flow\">\n<p>Chez Chiguer Transports, nous mettons \u00e0 votre disposition une gamme compl\u00e8te de services pour r\u00e9pondre \u00e0 tous vos besoins en mati\u00e8re de transport et de logistique. Notre expertise et notre engagement envers la satisfaction client nous permettent d\u2019offrir des solutions sur mesure, adapt\u00e9es \u00e0 chaque situation.<\/p>\n<\/div>\n\n\n\n<div class=\"wp-block-column is-layout-flow wp-block-column-is-layout-flow\">\n<p>Nous op\u00e9rons avec succ\u00e8s \u00e0 l&rsquo;international, notamment en Espagne, en Italie et au Maroc. Nos services de transport international sont con\u00e7us pour garantir une livraison efficace et rapide de vos marchandises \u00e0 travers les fronti\u00e8res, en respectant les d\u00e9lais et les r\u00e9glementations locales.<\/p>\n<\/div>\n<\/div>\n\n\n\n<figure class=\"wp-block-image size-full is-resized\"><img loading=\"lazy\" decoding=\"async\" width=\"1290\" height=\"939\" src=\"https:\/\/chiguertransports.fr\/wp-content\/uploads\/2024\/08\/IMG_5357.jpg\" alt=\"\" class=\"wp-image-160\" style=\"width:607px;height:auto\" srcset=\"https:\/\/chiguertransports.fr\/wp-content\/uploads\/2024\/08\/IMG_5357.jpg 1290w, https:\/\/chiguertransports.fr\/wp-content\/uploads\/2024\/08\/IMG_5357-300x218.jpg 300w, https:\/\/chiguertransports.fr\/wp-content\/uploads\/2024\/08\/IMG_5357-1024x745.jpg 1024w, https:\/\/chiguertransports.fr\/wp-content\/uploads\/2024\/08\/IMG_5357-768x559.jpg 768w\" sizes=\"auto, (max-width: 1290px) 100vw, 1290px\" \/><\/figure>\n\n\n\n<div class=\"wp-block-columns is-layout-flex wp-container-core-columns-is-layout-9d6595d7 wp-block-columns-is-layout-flex\">\n<div class=\"wp-block-column is-layout-flow wp-block-column-is-layout-flow\">\n<p>Nous disposons de locaux d\u00e9di\u00e9s au stockage de vos marchandises, vous assurant ainsi une gestion optimale de vos inventaires. Nos installations modernes et s\u00e9curis\u00e9es offrent une solution flexible pour le stockage temporaire ou de longue dur\u00e9e.<\/p>\n<\/div>\n\n\n\n<div class=\"wp-block-column is-layout-flow wp-block-column-is-layout-flow\">\n<p>Face aux fluctuations logistiques, Chiguer Transports se distingue par sa flexibilit\u00e9 et sa r\u00e9activit\u00e9. Nous adaptons nos services en fonction de vos besoins sp\u00e9cifiques et des impr\u00e9vus, vous garantissant une cha\u00eene d&rsquo;approvisionnement fluide et sans interruption.<\/p>\n<\/div>\n<\/div>\n\n\n\n<div class=\"wp-block-columns is-layout-flex wp-container-core-columns-is-layout-9d6595d7 wp-block-columns-is-layout-flex\">\n<div class=\"wp-block-column is-layout-flow wp-block-column-is-layout-flow\">\n<p>Pour assurer une transparence totale, nous avons int\u00e9gr\u00e9 des technologies avanc\u00e9es de suivi en temps r\u00e9el. Vous pouvez suivre l\u2019acheminement de votre cargaison \u00e0 chaque \u00e9tape du processus, offrant ainsi une tranquillit\u00e9 d&rsquo;esprit et une meilleure gestion logistique.<\/p>\n<\/div>\n\n\n\n<div class=\"wp-block-column is-layout-flow wp-block-column-is-layout-flow\">\n<p>Notre service d\u2019exploitation est d\u00e9di\u00e9 \u00e0 trouver la solution la plus adapt\u00e9e \u00e0 vos besoins. Qu&rsquo;il s&rsquo;agisse de l&rsquo;enl\u00e8vement ou de la livraison de marchandises emball\u00e9es ou non, nous concevons des solutions sur mesure pour r\u00e9pondre \u00e0 vos exigences sp\u00e9cifiques.<\/p>\n<\/div>\n<\/div>\n\n\n\n<div class=\"wp-block-columns is-layout-flex wp-container-core-columns-is-layout-9d6595d7 wp-block-columns-is-layout-flex\">\n<div class=\"wp-block-column is-layout-flow wp-block-column-is-layout-flow\">\n<p>Chiguer Transports se sp\u00e9cialise dans le service B2B, collaborant \u00e9troitement avec les entreprises pour optimiser leurs op\u00e9rations logistiques. Notre expertise dans le transport et la logistique B2B assure une livraison rapide et fiable, essentielle \u00e0 la performance de votre entreprise.<\/p>\n<\/div>\n\n\n\n<div class=\"wp-block-column is-layout-flow wp-block-column-is-layout-flow\">\n<p>Nous offrons des services d&rsquo;enl\u00e8vement et de livraison, prenant en charge vos marchandises qu\u2019elles soient emball\u00e9es ou non. Notre \u00e9quipe s&rsquo;assure que chaque exp\u00e9dition est trait\u00e9e avec le plus grand soin, respectant les normes de s\u00e9curit\u00e9 les plus strictes.<\/p>\n\n\n\n<p><\/p>\n<\/div>\n<\/div>\n\n\n\n<p class=\"has-red-background-color has-background\">Chiguer Transports assure le transport d&rsquo;organes et de produits sanguins labiles en garantissant s\u00e9curit\u00e9 et tra\u00e7abilit\u00e9. Notre \u00e9quipe respect les normes strictes du transport m\u00e9dical a chaque \u00e9tape de l&rsquo;acheminement. Nous proposons des solutions adapt\u00e9es en tri temp\u00e9rature pour maintenir les conditions n\u00e9cessaires \u00e0 la pr\u00e9servation de ces \u00e9l\u00e9ments biologiques vitaux.<\/p>\n\n\n\n<p><\/p>\n","protected":false},"excerpt":{"rendered":"<p>Chez Chiguer Transports, nous mettons \u00e0 votre disposition une gamme compl\u00e8te de services pour r\u00e9pondre \u00e0 tous vos besoins en mati\u00e8re de transport et de logistique. Notre expertise et notre engagement envers la satisfaction client nous permettent d\u2019offrir des solutions sur mesure, adapt\u00e9es \u00e0 chaque situation. Nous op\u00e9rons avec succ\u00e8s \u00e0 l&rsquo;international, notamment en Espagne,&hellip; <a class=\"more-link\" href=\"https:\/\/chiguertransports.fr\/index.php\/les-services\/\">Poursuivre la lecture <span class=\"screen-reader-text\">LES SERVICES<\/span><\/a><\/p>\n","protected":false},"author":1,"featured_media":0,"parent":0,"menu_order":0,"comment_status":"closed","ping_status":"closed","template":"","meta":{"footnotes":""},"class_list":["post-22","page","type-page","status-publish","hentry","entry"],"_links":{"self":[{"href":"https:\/\/chiguertransports.fr\/index.php\/wp-json\/wp\/v2\/pages\/22","targetHints":{"allow":["GET"]}}],"collection":[{"href":"https:\/\/chiguertransports.fr\/index.php\/wp-json\/wp\/v2\/pages"}],"about":[{"href":"https:\/\/chiguertransports.fr\/index.php\/wp-json\/wp\/v2\/types\/page"}],"author":[{"embeddable":true,"href":"https:\/\/chiguertransports.fr\/index.php\/wp-json\/wp\/v2\/users\/1"}],"replies":[{"embeddable":true,"href":"https:\/\/chiguertransports.fr\/index.php\/wp-json\/wp\/v2\/comments?post=22"}],"version-history":[{"count":7,"href":"https:\/\/chiguertransports.fr\/index.php\/wp-json\/wp\/v2\/pages\/22\/revisions"}],"predecessor-version":[{"id":161,"href":"https:\/\/chiguertransports.fr\/index.php\/wp-json\/wp\/v2\/pages\/22\/revisions\/161"}],"wp:attachment":[{"href":"https:\/\/chiguertransports.fr\/index.php\/wp-json\/wp\/v2\/media?parent=22"}],"curies":[{"name":"wp","href":"https:\/\/api.w.org\/{rel}","templated":true}]}}