{"id":24,"date":"2024-06-11T08:44:10","date_gmt":"2024-06-11T06:44:10","guid":{"rendered":"http:\/\/chiguertransports.fr\/?page_id=24"},"modified":"2024-07-31T15:04:54","modified_gmt":"2024-07-31T13:04:54","slug":"les-vehicules","status":"publish","type":"page","link":"https:\/\/chiguertransports.fr\/index.php\/les-vehicules\/","title":{"rendered":"LES V\u00c9HICULES"},"content":{"rendered":"\n<p><\/p>\n\n\n\n<div class=\"wp-block-columns is-layout-flex wp-container-core-columns-is-layout-9d6595d7 wp-block-columns-is-layout-flex\">\n<div class=\"wp-block-column is-layout-flow wp-block-column-is-layout-flow\">\n<p>Chiguer Transports met \u00e0 votre disposition une flotte de v\u00e9hicules polyvalents pour r\u00e9pondre \u00e0 vos demandes sp\u00e9cifiques. Nous proposons des v\u00e9hicules l\u00e9gers (VL) pour vos derniers kilom\u00e8tres ou vos livraisons urgentes, ainsi qu&rsquo;une gamme de poids lourds, allant des camions porteurs fourgon et tautliner aux semi-remorques hayon et celles \u00e9quip\u00e9es de fosses. Le transport de vos marchandises est assur\u00e9 avec une tra\u00e7abilit\u00e9 compl\u00e8te, depuis la demande de transport jusqu&rsquo;\u00e0 la livraison, accessible 24 heures sur 24.<\/p>\n<\/div>\n<\/div>\n\n\n\n<p><\/p>\n\n\n\n<p><\/p>\n\n\n\n<div class=\"wp-block-columns is-layout-flex wp-container-core-columns-is-layout-9d6595d7 wp-block-columns-is-layout-flex\">\n<div class=\"wp-block-column is-layout-flow wp-block-column-is-layout-flow\">\n<figure class=\"wp-block-image size-full\"><img loading=\"lazy\" decoding=\"async\" width=\"1290\" height=\"1699\" src=\"https:\/\/chiguertransports.fr\/wp-content\/uploads\/2024\/07\/IMG_5348-1.jpg\" alt=\"\" class=\"wp-image-152\" srcset=\"https:\/\/chiguertransports.fr\/wp-content\/uploads\/2024\/07\/IMG_5348-1.jpg 1290w, https:\/\/chiguertransports.fr\/wp-content\/uploads\/2024\/07\/IMG_5348-1-228x300.jpg 228w, https:\/\/chiguertransports.fr\/wp-content\/uploads\/2024\/07\/IMG_5348-1-777x1024.jpg 777w, https:\/\/chiguertransports.fr\/wp-content\/uploads\/2024\/07\/IMG_5348-1-768x1011.jpg 768w, https:\/\/chiguertransports.fr\/wp-content\/uploads\/2024\/07\/IMG_5348-1-1166x1536.jpg 1166w\" sizes=\"auto, (max-width: 1290px) 100vw, 1290px\" \/><\/figure>\n<\/div>\n\n\n\n<div class=\"wp-block-column is-layout-flow wp-block-column-is-layout-flow\">\n<p>Semi-remorque, tracteur euro 6: <\/p>\n\n\n\n<ul class=\"wp-block-list\">\n<li>hayon tautliner <\/li>\n\n\n\n<li>fosse tautliner<\/li>\n<\/ul>\n<\/div>\n<\/div>\n\n\n\n<p><\/p>\n\n\n\n<p><\/p>\n\n\n\n<p><\/p>\n\n\n\n<div class=\"wp-block-columns is-layout-flex wp-container-core-columns-is-layout-9d6595d7 wp-block-columns-is-layout-flex\">\n<div class=\"wp-block-column is-layout-flow wp-block-column-is-layout-flow\">\n<ul class=\"wp-block-list\">\n<li>Porteur tautliner <\/li>\n\n\n\n<li>Fourgon <\/li>\n<\/ul>\n<\/div>\n\n\n\n<div class=\"wp-block-column is-layout-flow wp-block-column-is-layout-flow\">\n<figure class=\"wp-block-image size-full\"><img loading=\"lazy\" decoding=\"async\" width=\"1290\" height=\"802\" src=\"https:\/\/chiguertransports.fr\/wp-content\/uploads\/2024\/07\/IMG_5347.jpg\" alt=\"\" class=\"wp-image-153\" srcset=\"https:\/\/chiguertransports.fr\/wp-content\/uploads\/2024\/07\/IMG_5347.jpg 1290w, https:\/\/chiguertransports.fr\/wp-content\/uploads\/2024\/07\/IMG_5347-300x187.jpg 300w, https:\/\/chiguertransports.fr\/wp-content\/uploads\/2024\/07\/IMG_5347-1024x637.jpg 1024w, https:\/\/chiguertransports.fr\/wp-content\/uploads\/2024\/07\/IMG_5347-768x477.jpg 768w\" sizes=\"auto, (max-width: 1290px) 100vw, 1290px\" \/><\/figure>\n<\/div>\n<\/div>\n\n\n\n<p><\/p>\n","protected":false},"excerpt":{"rendered":"<p>Chiguer Transports met \u00e0 votre disposition une flotte de v\u00e9hicules polyvalents pour r\u00e9pondre \u00e0 vos demandes sp\u00e9cifiques. Nous proposons des v\u00e9hicules l\u00e9gers (VL) pour vos derniers kilom\u00e8tres ou vos livraisons urgentes, ainsi qu&rsquo;une gamme de poids lourds, allant des camions porteurs fourgon et tautliner aux semi-remorques hayon et celles \u00e9quip\u00e9es de fosses. Le transport de&hellip; <a class=\"more-link\" href=\"https:\/\/chiguertransports.fr\/index.php\/les-vehicules\/\">Poursuivre la lecture <span class=\"screen-reader-text\">LES V\u00c9HICULES<\/span><\/a><\/p>\n","protected":false},"author":1,"featured_media":0,"parent":0,"menu_order":0,"comment_status":"closed","ping_status":"closed","template":"","meta":{"footnotes":""},"class_list":["post-24","page","type-page","status-publish","hentry","entry"],"_links":{"self":[{"href":"https:\/\/chiguertransports.fr\/index.php\/wp-json\/wp\/v2\/pages\/24","targetHints":{"allow":["GET"]}}],"collection":[{"href":"https:\/\/chiguertransports.fr\/index.php\/wp-json\/wp\/v2\/pages"}],"about":[{"href":"https:\/\/chiguertransports.fr\/index.php\/wp-json\/wp\/v2\/types\/page"}],"author":[{"embeddable":true,"href":"https:\/\/chiguertransports.fr\/index.php\/wp-json\/wp\/v2\/users\/1"}],"replies":[{"embeddable":true,"href":"https:\/\/chiguertransports.fr\/index.php\/wp-json\/wp\/v2\/comments?post=24"}],"version-history":[{"count":9,"href":"https:\/\/chiguertransports.fr\/index.php\/wp-json\/wp\/v2\/pages\/24\/revisions"}],"predecessor-version":[{"id":156,"href":"https:\/\/chiguertransports.fr\/index.php\/wp-json\/wp\/v2\/pages\/24\/revisions\/156"}],"wp:attachment":[{"href":"https:\/\/chiguertransports.fr\/index.php\/wp-json\/wp\/v2\/media?parent=24"}],"curies":[{"name":"wp","href":"https:\/\/api.w.org\/{rel}","templated":true}]}}