{"id":26,"date":"2024-06-11T08:43:14","date_gmt":"2024-06-11T06:43:14","guid":{"rendered":"http:\/\/chiguertransports.fr\/?page_id=26"},"modified":"2024-07-26T09:59:32","modified_gmt":"2024-07-26T07:59:32","slug":"contact","status":"publish","type":"page","link":"https:\/\/chiguertransports.fr\/index.php\/contact\/","title":{"rendered":"CONTACT"},"content":{"rendered":"\n<div class=\"wp-block-columns is-layout-flex wp-container-core-columns-is-layout-9d6595d7 wp-block-columns-is-layout-flex\">\n<div class=\"wp-block-column has-background is-layout-flow wp-block-column-is-layout-flow\" style=\"background-color:#9d9da5;flex-basis:25%\"><\/div>\n\n\n\n<div class=\"wp-block-column is-layout-flow wp-block-column-is-layout-flow\" style=\"flex-basis:50%\">\n<p>Nous sommes ravis que vous souhaitiez contacter CHIGUER TRANSPORTS !<\/p>\n\n\n\n<p>Que ce soit pour une demande de devis, des informations suppl\u00e9mentaires sur nos services ou tout simplement pour discuter de vos besoins en transport et logistique, notre \u00e9quipe est l\u00e0 pour vous aider.<\/p>\n\n\n\n<p>Vous pouvez nous contacter par t\u00e9l\u00e9phone au 03.25.40.76.70 pendant nos heures d&rsquo;ouverture habituelles, du lundi au vendredi de 8h-12h \/ 14h-18h. Nous serons heureux de r\u00e9pondre \u00e0 toutes vos questions et de vous fournir l&rsquo;assistance dont vous avez besoin.<\/p>\n\n\n\n<p>Enfin, si vous souhaitez nous rendre visite en personne, vous trouverez nos coordonn\u00e9es compl\u00e8tes ci-dessous :<\/p>\n\n\n\n<p>55 rue Jean Baptiste Colbert<\/p>\n\n\n\n<p>10600 La Chapelle-Saint-Luc <\/p>\n\n\n\n<p>Nous sommes impatients d&rsquo;avoir de vos nouvelles et de vous aider dans tous vos besoins en transport et logistique.&nbsp;<\/p>\n<\/div>\n\n\n\n<div class=\"wp-block-column has-white-background-color has-background is-layout-flow wp-block-column-is-layout-flow\" style=\"flex-basis:25%\"><\/div>\n<\/div>\n","protected":false},"excerpt":{"rendered":"<p>Nous sommes ravis que vous souhaitiez contacter CHIGUER TRANSPORTS ! Que ce soit pour une demande de devis, des informations suppl\u00e9mentaires sur nos services ou tout simplement pour discuter de vos besoins en transport et logistique, notre \u00e9quipe est l\u00e0 pour vous aider. Vous pouvez nous contacter par t\u00e9l\u00e9phone au 03.25.40.76.70 pendant nos heures d&rsquo;ouverture&hellip; <a class=\"more-link\" href=\"https:\/\/chiguertransports.fr\/index.php\/contact\/\">Poursuivre la lecture <span class=\"screen-reader-text\">CONTACT<\/span><\/a><\/p>\n","protected":false},"author":1,"featured_media":0,"parent":0,"menu_order":0,"comment_status":"closed","ping_status":"closed","template":"","meta":{"footnotes":""},"class_list":["post-26","page","type-page","status-publish","hentry","entry"],"_links":{"self":[{"href":"https:\/\/chiguertransports.fr\/index.php\/wp-json\/wp\/v2\/pages\/26","targetHints":{"allow":["GET"]}}],"collection":[{"href":"https:\/\/chiguertransports.fr\/index.php\/wp-json\/wp\/v2\/pages"}],"about":[{"href":"https:\/\/chiguertransports.fr\/index.php\/wp-json\/wp\/v2\/types\/page"}],"author":[{"embeddable":true,"href":"https:\/\/chiguertransports.fr\/index.php\/wp-json\/wp\/v2\/users\/1"}],"replies":[{"embeddable":true,"href":"https:\/\/chiguertransports.fr\/index.php\/wp-json\/wp\/v2\/comments?post=26"}],"version-history":[{"count":3,"href":"https:\/\/chiguertransports.fr\/index.php\/wp-json\/wp\/v2\/pages\/26\/revisions"}],"predecessor-version":[{"id":132,"href":"https:\/\/chiguertransports.fr\/index.php\/wp-json\/wp\/v2\/pages\/26\/revisions\/132"}],"wp:attachment":[{"href":"https:\/\/chiguertransports.fr\/index.php\/wp-json\/wp\/v2\/media?parent=26"}],"curies":[{"name":"wp","href":"https:\/\/api.w.org\/{rel}","templated":true}]}}