{"id":57,"date":"2024-06-12T10:35:51","date_gmt":"2024-06-12T08:35:51","guid":{"rendered":"https:\/\/chiguertransports.fr\/?page_id=57"},"modified":"2024-06-12T10:35:51","modified_gmt":"2024-06-12T08:35:51","slug":"mentions-legales","status":"publish","type":"page","link":"https:\/\/chiguertransports.fr\/index.php\/mentions-legales\/","title":{"rendered":"Mentions l\u00e9gales"},"content":{"rendered":"\n<p>Mentions L\u00e9gales&nbsp;:&nbsp;<\/p>\n\n\n\n<p>CHIGUER TRANSPORTS<\/p>\n\n\n\n<p>55 rue Jean Baptise COLBERT 10600 La Chapelle-Saint-Luc&nbsp;<\/p>\n\n\n\n<p>03.25.40.76.70<\/p>\n\n\n\n<p><a href=\"mailto:chiguertransports@chiguertransports.fr\">chiguertransports@chiguertransports.fr<\/a><\/p>\n\n\n\n<p>Directeur de la publication :<\/p>\n\n\n\n<p>Nour-Eddine CHIGUER&nbsp;<\/p>\n\n\n\n<p>H\u00e9bergeur :<\/p>\n\n\n\n<p>OVH Cloud&nbsp;<\/p>\n\n\n\n<p>2 rue Kellermann 59100 Roubaix<\/p>\n\n\n\n<p>N\u00b0 1007&nbsp;<\/p>\n\n\n\n<p>customer-service@ovh.com<\/p>\n\n\n\n<p>Propri\u00e9t\u00e9 intellectuelle :<\/p>\n\n\n\n<p>Le contenu de ce site web est prot\u00e9g\u00e9 par les lois sur la propri\u00e9t\u00e9 intellectuelle et est la propri\u00e9t\u00e9 exclusive de CHIGUER TRANSPORTS ou de ses partenaires. Toute reproduction ou utilisation du contenu, en tout ou en partie, est strictement interdite sans autorisation pr\u00e9alable.<\/p>\n\n\n\n<p>Donn\u00e9es personnelles :<\/p>\n\n\n\n<p>Les informations collect\u00e9es sur ce site sont destin\u00e9es \u00e0 CHIGUER TRANSPORTS et peuvent \u00eatre utilis\u00e9es \u00e0 des fins de communication ou de marketing. Conform\u00e9ment \u00e0 la loi, vous disposez d&rsquo;un droit d&rsquo;acc\u00e8s, de modification et de suppression de vos donn\u00e9es personnelles. Pour exercer ce droit, veuillez nous contacter \u00e0 l&rsquo;adresse&nbsp;<a href=\"mailto:chiguertransports@chiguertransports.fr\">chiguertransports@chiguertransports.fr<\/a><\/p>\n\n\n\n<p>Cookies :<\/p>\n\n\n\n<p>Ce site utilise des cookies pour am\u00e9liorer l&rsquo;exp\u00e9rience de navigation et fournir des fonctionnalit\u00e9s suppl\u00e9mentaires. En utilisant ce site, vous consentez \u00e0 l&rsquo;utilisation de cookies conform\u00e9ment \u00e0 notre politique en mati\u00e8re de cookies.<\/p>\n\n\n\n<p>Limitation de responsabilit\u00e9 :<\/p>\n\n\n\n<p>CHIGUER TRANSPORTS s&rsquo;efforce de fournir des informations pr\u00e9cises et \u00e0 jour sur ce site, mais ne peut garantir l&rsquo;exactitude ou l&rsquo;exhaustivit\u00e9 des informations fournies. En cons\u00e9quence, CHIGUER TRANSPORTS d\u00e9cline toute responsabilit\u00e9 en cas d&rsquo;erreurs ou d&rsquo;omissions dans le contenu du site.<\/p>\n\n\n\n<p>Juridiction comp\u00e9tente&nbsp;:&nbsp;<\/p>\n\n\n\n<p>Tout litige relatif \u00e0 l&rsquo;utilisation de ce site web est soumis au droit fran\u00e7ais. En cas de litige, les tribunaux de Troyes seront seuls comp\u00e9tents.<\/p>\n","protected":false},"excerpt":{"rendered":"<p>Mentions L\u00e9gales&nbsp;:&nbsp; CHIGUER TRANSPORTS 55 rue Jean Baptise COLBERT 10600 La Chapelle-Saint-Luc&nbsp; 03.25.40.76.70 chiguertransports@chiguertransports.fr Directeur de la publication : Nour-Eddine CHIGUER&nbsp; H\u00e9bergeur : OVH Cloud&nbsp; 2 rue Kellermann 59100 Roubaix N\u00b0 1007&nbsp; customer-service@ovh.com Propri\u00e9t\u00e9 intellectuelle : Le contenu de ce site web est prot\u00e9g\u00e9 par les lois sur la propri\u00e9t\u00e9 intellectuelle et est la propri\u00e9t\u00e9&hellip; <a class=\"more-link\" href=\"https:\/\/chiguertransports.fr\/index.php\/mentions-legales\/\">Poursuivre la lecture <span class=\"screen-reader-text\">Mentions l\u00e9gales<\/span><\/a><\/p>\n","protected":false},"author":1,"featured_media":0,"parent":0,"menu_order":0,"comment_status":"closed","ping_status":"closed","template":"","meta":{"footnotes":""},"class_list":["post-57","page","type-page","status-publish","hentry","entry"],"_links":{"self":[{"href":"https:\/\/chiguertransports.fr\/index.php\/wp-json\/wp\/v2\/pages\/57","targetHints":{"allow":["GET"]}}],"collection":[{"href":"https:\/\/chiguertransports.fr\/index.php\/wp-json\/wp\/v2\/pages"}],"about":[{"href":"https:\/\/chiguertransports.fr\/index.php\/wp-json\/wp\/v2\/types\/page"}],"author":[{"embeddable":true,"href":"https:\/\/chiguertransports.fr\/index.php\/wp-json\/wp\/v2\/users\/1"}],"replies":[{"embeddable":true,"href":"https:\/\/chiguertransports.fr\/index.php\/wp-json\/wp\/v2\/comments?post=57"}],"version-history":[{"count":1,"href":"https:\/\/chiguertransports.fr\/index.php\/wp-json\/wp\/v2\/pages\/57\/revisions"}],"predecessor-version":[{"id":58,"href":"https:\/\/chiguertransports.fr\/index.php\/wp-json\/wp\/v2\/pages\/57\/revisions\/58"}],"wp:attachment":[{"href":"https:\/\/chiguertransports.fr\/index.php\/wp-json\/wp\/v2\/media?parent=57"}],"curies":[{"name":"wp","href":"https:\/\/api.w.org\/{rel}","templated":true}]}}